{"id":29,"date":"2012-03-02T22:06:01","date_gmt":"2012-03-02T22:06:01","guid":{"rendered":"http:\/\/www.gvkik.hu\/blog\/?page_id=29"},"modified":"2017-02-02T16:29:45","modified_gmt":"2017-02-02T16:29:45","slug":"rolunk","status":"publish","type":"page","link":"https:\/\/www.gvkik.hu\/blog\/rolunk\/","title":{"rendered":"R\u00f3lunk"},"content":{"rendered":"<p style=\"text-align: justify;\">K\u00f6nyvt\u00e1rosok vagyunk \u00e9s a G\u00f6d\u00f6ll\u0151i V\u00e1rosi K\u00f6nyvt\u00e1r csapat\u00e1t er\u0151s\u00edtj\u00fck. A k\u00f6nyvaj\u00e1nl\u00f3k \u00a0G\u00f6nczi Krisztina toll\u00e1b\u00f3l sz\u00fcletnek. Az \u00f6tletgazda Gergely Ildik\u00f3, aki a fot\u00f3kat k\u00e9sz\u00edti \u00e9s a fel\u00fcletet is gondozza.<\/p>\n<p>Rem\u00e9lj\u00fck, hogy k\u00e9s\u0151bbiekben t\u00f6bb koll\u00e9g\u00e1nk is becsatlakozik a blog k\u00e9sz\u00edt\u00e9s\u00e9be.<\/p>\n<h2><strong>G\u00f6nczi Krisztina \u00c9va<\/strong><\/h2>\n<p style=\"text-align: justify;\"><img loading=\"lazy\" decoding=\"async\" class=\"size-medium wp-image-2158 alignleft\" src=\"https:\/\/www.gvkik.hu\/blog\/wp-content\/uploads\/2012\/03\/kriszti-199x300.jpg\" alt=\"kriszti\" width=\"199\" height=\"300\" srcset=\"https:\/\/www.gvkik.hu\/blog\/wp-content\/uploads\/2012\/03\/kriszti-199x300.jpg 199w, https:\/\/www.gvkik.hu\/blog\/wp-content\/uploads\/2012\/03\/kriszti.jpg 300w\" sizes=\"auto, (max-width: 199px) 100vw, 199px\" \/>\u00a02011-ben diplom\u00e1ztam \u00e9s p\u00e1r nappal k\u00e9s\u0151bb m\u00e1r a G\u00f6d\u00f6ll\u0151i V\u00e1rosi K\u00f6nyvt\u00e1r \u00e9s Inform\u00e1ci\u00f3s K\u00f6zpont munkat\u00e1rsa lettem. A helyt\u00f6rt\u00e9neti r\u00e9szlegen dolgozom.<\/p>\n<p style=\"text-align: justify;\">Feladatom minden olyan dokumentum gy\u0171jt\u00e9se, ami G\u00f6d\u00f6ll\u0151re \u00e9s k\u00f6rny\u00e9k\u00e9re, valamint Pest megy\u00e9re vonatkozik. Ezenk\u00edv\u00fcl k\u00f6z\u00e9piskol\u00e1soknak szervezek helyt\u00f6rt\u00e9neti el\u0151ad\u00e1sokat G\u00f6d\u00f6ll\u0151i Sz\u00e9phist\u00f3ri\u00e1k c\u00edmmel.<\/p>\n<p style=\"text-align: justify;\">A mai korban elengedhetetlen az, hogy az Interneten is jelen legy\u00fcnk. L\u00e9trehoztuk saj\u00e1t wikinket, G\u00f6d\u00f6ll\u0151 wiki n\u00e9ven. Helyt\u00f6rt\u00e9neti tartalmat t\u00f6lt\u00fcnk fel, szerkeszt\u00fcnk koll\u00e9g\u00e1immal. G\u00f6d\u00f6ll\u0151i h\u00edress\u00e9geket, olyan szem\u00e9lyeket, akik itt \u00e9ltek, alkottak, sokat tettek a v\u00e1ros\u00e9rt; m\u0171eml\u00e9ket ismertet\u00fcnk; a tematikus \u00e9vekhez kapcsol\u00f3d\u00f3n is sok \u00e9rdekess\u00e9get lehet a wikin tal\u00e1lni.<\/p>\n<p style=\"text-align: justify;\">Szabadid\u0151met szeretem olvas\u00e1ssal t\u00f6lteni. Minden m\u0171faj\u00fa k\u00f6nyvet elolvasok a fantasyt\u00f3l a sz\u00e9pirodalomig. Az \u00e1ltalam olvasott k\u00f6nyveket a k\u00f6nyvt\u00e1r blogj\u00e1n v\u00e9lem\u00e9nyezem, aj\u00e1nlom olvas\u00f3inknak.<\/p>\n<p style=\"text-align: justify;\">\u00a0\u00a0 (L) Kedvenc k\u00f6nyvek: fantasy, krimi, sz\u00e9pirodalom, ifj\u00fas\u00e1gi reg\u00e9nyek, sz\u00f3rakoztat\u00f3, kreat\u00edv kiadv\u00e1nyok<\/p>\n<h2><strong>Gergely Gy\u00f6ngyv\u00e9r Ildik\u00f3 <\/strong><img loading=\"lazy\" decoding=\"async\" class=\"wp-image-455 alignright\" title=\"me\" src=\"https:\/\/www.gvkik.hu\/blog\/wp-content\/uploads\/2012\/03\/me.png\" alt=\"\" width=\"254\" height=\"324\" srcset=\"https:\/\/www.gvkik.hu\/blog\/wp-content\/uploads\/2012\/03\/me.png 300w, https:\/\/www.gvkik.hu\/blog\/wp-content\/uploads\/2012\/03\/me-235x300.png 235w\" sizes=\"auto, (max-width: 254px) 100vw, 254px\" \/><\/h2>\n<p style=\"text-align: justify;\">2009 nyar\u00e1n diplom\u00e1ztam Informatikus k\u00f6nyvt\u00e1ros \u2013 M\u0171vel\u0151d\u00e9sszervez\u0151 szakon \u00e9s 2010 nyar\u00e1n v\u00e9geztem Audiovizu\u00e1lis Szakasszisztensk\u00e9nt a Szent Istv\u00e1n Egyetemen.<\/p>\n<p style=\"text-align: justify;\">K\u00f6nyvt\u00e1ri tanulm\u00e1nyaim sor\u00e1n mindig a t\u00e1j\u00e9koztat\u00e1s \u00e1llt hozz\u00e1m k\u00f6zel, \u00edgy nagyon \u00f6r\u00fcltem mikor 2011 m\u00e1jus\u00e1ban megkezdtem munk\u00e1mat a G\u00f6d\u00f6ll\u0151i V\u00e1rosi K\u00f6nyvt\u00e1r \u00e9s Inform\u00e1ci\u00f3s K\u00f6zpont t\u00e1j\u00e9koztat\u00f3 k\u00f6nyvt\u00e1rosak\u00e9nt.<\/p>\n<p style=\"text-align: justify;\">Fot\u00f3z\u00e1ssal \u00e9s weboldalak k\u00e9sz\u00edt\u00e9s\u00e9vel \u00e9s annak tartalomszerkeszt\u00e9s\u00e9vel 6 \u00e9ve foglalkozok komolyabb szinten. Grafikai \u00e9s kiadv\u00e1nyszerkeszt\u0151i ismereteimet hasznos\u00edtom \u00e9s fejlesztem a k\u00f6nyvt\u00e1ri munk\u00e1m sor\u00e1n. 2011 j\u00faniusa \u00f3ta a Leonar3Do program haszn\u00e1lat\u00e1nak tan\u00edt\u00e1s\u00e1val \u00e9s annak n\u00e9pszer\u0171s\u00edt\u00e9s\u00e9vel foglalkozok.<\/p>\n<p style=\"text-align: justify;\">Az internetes k\u00f6z\u00f6ss\u00e9gi oldalak \u00e9s a k\u00f6nyvt\u00e1ri blog gondoz\u00e1sa is az \u00e9n feladatom, ahol k\u00f6nyves aj\u00e1nl\u00f3kat \u00e9s tippeket, hasznos dolgokat jelentet\u00fcnk meg. E-book haszn\u00e1l\u00f3k\u00e9nt t\u00e1mogatom azt, hogy min\u00e9l t\u00f6bb sz\u00ednvonalas digit\u00e1lis tartalom legyen a k\u00f6nyvt\u00e1rban ezzel egy\u00fctt a k\u00f6nyvt\u00e1ri e-k\u00f6nyv olvas\u00f3n is.<\/p>\n<p style=\"text-align: justify;\">(L) Kedvenc k\u00f6nyvek: \u00e9letrajz, fantasy, krimi, gasztro<\/p>\n","protected":false},"excerpt":{"rendered":"<p>K\u00f6nyvt\u00e1rosok vagyunk \u00e9s a G\u00f6d\u00f6ll\u0151i V\u00e1rosi K\u00f6nyvt\u00e1r csapat\u00e1t er\u0151s\u00edtj\u00fck. A k\u00f6nyvaj\u00e1nl\u00f3k \u00a0G\u00f6nczi Krisztina toll\u00e1b\u00f3l sz\u00fcletnek. Az \u00f6tletgazda Gergely Ildik\u00f3, aki a fot\u00f3kat k\u00e9sz\u00edti \u00e9s a &hellip; <\/p>\n","protected":false},"author":1,"featured_media":0,"parent":0,"menu_order":4,"comment_status":"closed","ping_status":"closed","template":"","meta":{"footnotes":""},"class_list":["post-29","page","type-page","status-publish","hentry","latest_post"],"_links":{"self":[{"href":"https:\/\/www.gvkik.hu\/blog\/wp-json\/wp\/v2\/pages\/29","targetHints":{"allow":["GET"]}}],"collection":[{"href":"https:\/\/www.gvkik.hu\/blog\/wp-json\/wp\/v2\/pages"}],"about":[{"href":"https:\/\/www.gvkik.hu\/blog\/wp-json\/wp\/v2\/types\/page"}],"author":[{"embeddable":true,"href":"https:\/\/www.gvkik.hu\/blog\/wp-json\/wp\/v2\/users\/1"}],"replies":[{"embeddable":true,"href":"https:\/\/www.gvkik.hu\/blog\/wp-json\/wp\/v2\/comments?post=29"}],"version-history":[{"count":24,"href":"https:\/\/www.gvkik.hu\/blog\/wp-json\/wp\/v2\/pages\/29\/revisions"}],"predecessor-version":[{"id":2159,"href":"https:\/\/www.gvkik.hu\/blog\/wp-json\/wp\/v2\/pages\/29\/revisions\/2159"}],"wp:attachment":[{"href":"https:\/\/www.gvkik.hu\/blog\/wp-json\/wp\/v2\/media?parent=29"}],"curies":[{"name":"wp","href":"https:\/\/api.w.org\/{rel}","templated":true}]}}